{"id":298,"date":"2025-06-18T13:44:47","date_gmt":"2025-06-18T13:44:47","guid":{"rendered":"https:\/\/artemusa.it\/?page_id=298"},"modified":"2025-06-26T13:40:37","modified_gmt":"2025-06-26T13:40:37","slug":"origini","status":"publish","type":"page","link":"https:\/\/artemusa.it\/index.php\/musica-indiana\/origini\/","title":{"rendered":"Le Origini"},"content":{"rendered":"\t\t<div data-elementor-type=\"wp-page\" data-elementor-id=\"298\" class=\"elementor elementor-298\" data-elementor-post-type=\"page\">\n\t\t\t\t<div class=\"elementor-element elementor-element-802831b e-flex e-con-boxed e-con e-parent\" data-id=\"802831b\" data-element_type=\"container\" data-settings=\"{&quot;background_background&quot;:&quot;classic&quot;}\">\n\t\t\t\t\t<div class=\"e-con-inner\">\n\t\t\t\t<div class=\"elementor-element elementor-element-16b1ef5 elementor-widget elementor-widget-heading\" data-id=\"16b1ef5\" data-element_type=\"widget\" data-widget_type=\"heading.default\">\n\t\t\t\t<div class=\"elementor-widget-container\">\n\t\t\t\t\t<h1 class=\"elementor-heading-title elementor-size-default\">Le origini della Musica Indiana<\/h1>\t\t\t\t<\/div>\n\t\t\t\t<\/div>\n\t\t\t\t<div class=\"elementor-element elementor-element-9236186 elementor-widget elementor-widget-text-editor\" data-id=\"9236186\" data-element_type=\"widget\" data-widget_type=\"text-editor.default\">\n\t\t\t\t<div class=\"elementor-widget-container\">\n\t\t\t\t\t\t\t\t\t<p>Le origini della musica indiana si perdono nei millenni, intrecciandosi con le radici pi\u00f9 profonde della cultura del subcontinente. La musica in India non \u00e8 solo espressione artistica, ma elemento fondante della spiritualit\u00e0, della filosofia e della vita quotidiana.<\/p>\t\t\t\t\t\t\t\t<\/div>\n\t\t\t\t<\/div>\n\t\t\t\t\t<\/div>\n\t\t\t\t<\/div>\n\t\t<div class=\"elementor-element elementor-element-2b84498 e-flex e-con-boxed e-con e-parent\" data-id=\"2b84498\" data-element_type=\"container\">\n\t\t\t\t\t<div class=\"e-con-inner\">\n\t\t<div class=\"elementor-element elementor-element-cfc94a2 e-con-full e-flex e-con e-child\" data-id=\"cfc94a2\" data-element_type=\"container\">\n\t\t\t\t<div class=\"elementor-element elementor-element-4b7df00 elementor-widget elementor-widget-text-editor\" data-id=\"4b7df00\" data-element_type=\"widget\" data-widget_type=\"text-editor.default\">\n\t\t\t\t<div class=\"elementor-widget-container\">\n\t\t\t\t\t\t\t\t\t<p>Gi\u00e0 nei Veda \u2014 i testi sacri pi\u00f9 antichi dell\u2019induismo risalenti a oltre 3.000 anni fa \u2014 si trovano riferimenti a pratiche musicali, inni e formule sonore (mantra) che venivano tramandate oralmente. La musica vedica rappresenta dunque la prima forma strutturata di arte musicale indiana, caratterizzata da una funzione sacrale e meditativa.<br \/><br \/>Nel corso dei secoli, la musica si \u00e8 evoluta in forme sempre pi\u00f9 complesse, dando origine a due grandi tradizioni:<br \/><br \/><\/p><ul><li>la musica carnatica (dell\u2019India del Sud), e<\/li><li>la musica hindustani (dell\u2019India del Nord), che \u00e8 quella a cui si riferisce principalmente l\u2019Associazione MUSA.<\/li><\/ul><p>\u00a0<\/p><p>La tradizione hindustani ha subito l\u2019influenza delle culture persiane, arabe e centroasiatiche a seguito dell\u2019invasione musulmana del Nord India, sviluppando un\u2019estetica sofisticata e un ricco repertorio di raga (modi melodici) e tala (cicli ritmici), ancora oggi alla base dell&#8217;insegnamento e della performance musicale.<br \/><br \/>Questa musica non \u00e8 pensata per l\u2019intrattenimento immediato, ma per accompagnare stati interiori, meditazione, devozione e ricerca del sublime. Ogni raga \u00e8 associato a momenti della giornata, stagioni o stati d\u2019animo, e l\u2019improvvisazione gioca un ruolo centrale nella sua esecuzione.<\/p>\t\t\t\t\t\t\t\t<\/div>\n\t\t\t\t<\/div>\n\t\t\t\t<\/div>\n\t\t<div class=\"elementor-element elementor-element-9c389d7 e-con-full e-flex e-con e-child\" data-id=\"9c389d7\" data-element_type=\"container\">\n\t\t\t\t<div class=\"elementor-element elementor-element-5f65ddf elementor-widget elementor-widget-image\" data-id=\"5f65ddf\" data-element_type=\"widget\" data-widget_type=\"image.default\">\n\t\t\t\t<div class=\"elementor-widget-container\">\n\t\t\t\t\t\t\t\t\t\t\t\t\t\t\t<img fetchpriority=\"high\" decoding=\"async\" width=\"800\" height=\"1015\" src=\"https:\/\/artemusa.it\/wp-content\/uploads\/2025\/06\/img-1-origini-807x1024.png\" class=\"attachment-large size-large wp-image-304\" alt=\"\" srcset=\"https:\/\/artemusa.it\/wp-content\/uploads\/2025\/06\/img-1-origini-807x1024.png 807w, https:\/\/artemusa.it\/wp-content\/uploads\/2025\/06\/img-1-origini-236x300.png 236w, https:\/\/artemusa.it\/wp-content\/uploads\/2025\/06\/img-1-origini-768x974.png 768w, https:\/\/artemusa.it\/wp-content\/uploads\/2025\/06\/img-1-origini.png 1042w\" sizes=\"(max-width: 800px) 100vw, 800px\" \/>\t\t\t\t\t\t\t\t\t\t\t\t\t\t\t<\/div>\n\t\t\t\t<\/div>\n\t\t\t\t<\/div>\n\t\t\t\t\t<\/div>\n\t\t\t\t<\/div>\n\t\t<div class=\"elementor-element elementor-element-2fb7f9a e-flex e-con-boxed e-con e-parent\" data-id=\"2fb7f9a\" data-element_type=\"container\" data-settings=\"{&quot;background_background&quot;:&quot;classic&quot;}\">\n\t\t\t\t\t<div class=\"e-con-inner\">\n\t\t\t\t<div class=\"elementor-element elementor-element-e1f1917 elementor-widget elementor-widget-heading\" data-id=\"e1f1917\" data-element_type=\"widget\" data-widget_type=\"heading.default\">\n\t\t\t\t<div class=\"elementor-widget-container\">\n\t\t\t\t\t<h3 class=\"elementor-heading-title elementor-size-default\">La Musica Indiana non si ascolta con le orecchie, ma con il cuore<\/h3>\t\t\t\t<\/div>\n\t\t\t\t<\/div>\n\t\t\t\t\t<\/div>\n\t\t\t\t<\/div>\n\t\t<div class=\"elementor-element elementor-element-59f5c8c e-flex e-con-boxed e-con e-parent\" data-id=\"59f5c8c\" data-element_type=\"container\" data-settings=\"{&quot;background_background&quot;:&quot;classic&quot;}\">\n\t\t\t\t\t<div class=\"e-con-inner\">\n\t\t<div class=\"elementor-element elementor-element-0c084af e-con-full e-flex e-con e-child\" data-id=\"0c084af\" data-element_type=\"container\">\n\t\t\t\t<div class=\"elementor-element elementor-element-2edcc97 elementor-widget elementor-widget-image\" data-id=\"2edcc97\" data-element_type=\"widget\" data-widget_type=\"image.default\">\n\t\t\t\t<div class=\"elementor-widget-container\">\n\t\t\t\t\t\t\t\t\t\t\t\t\t\t\t<img decoding=\"async\" width=\"800\" height=\"1010\" src=\"https:\/\/artemusa.it\/wp-content\/uploads\/2025\/06\/img-2-origini-811x1024.png\" class=\"attachment-large size-large wp-image-305\" alt=\"\" srcset=\"https:\/\/artemusa.it\/wp-content\/uploads\/2025\/06\/img-2-origini-811x1024.png 811w, https:\/\/artemusa.it\/wp-content\/uploads\/2025\/06\/img-2-origini-238x300.png 238w, https:\/\/artemusa.it\/wp-content\/uploads\/2025\/06\/img-2-origini-768x970.png 768w, https:\/\/artemusa.it\/wp-content\/uploads\/2025\/06\/img-2-origini.png 1042w\" sizes=\"(max-width: 800px) 100vw, 800px\" \/>\t\t\t\t\t\t\t\t\t\t\t\t\t\t\t<\/div>\n\t\t\t\t<\/div>\n\t\t\t\t<\/div>\n\t\t<div class=\"elementor-element elementor-element-220c0e9 e-con-full e-flex e-con e-child\" data-id=\"220c0e9\" data-element_type=\"container\">\n\t\t\t\t<div class=\"elementor-element elementor-element-e99a512 elementor-widget elementor-widget-heading\" data-id=\"e99a512\" data-element_type=\"widget\" data-widget_type=\"heading.default\">\n\t\t\t\t<div class=\"elementor-widget-container\">\n\t\t\t\t\t<h3 class=\"elementor-heading-title elementor-size-default\">Il Tala<\/h3>\t\t\t\t<\/div>\n\t\t\t\t<\/div>\n\t\t\t\t<div class=\"elementor-element elementor-element-9d6e22a elementor-widget elementor-widget-text-editor\" data-id=\"9d6e22a\" data-element_type=\"widget\" data-widget_type=\"text-editor.default\">\n\t\t\t\t<div class=\"elementor-widget-container\">\n\t\t\t\t\t\t\t\t\t<p>Accanto alla nozione di Raga, l\u2019altro <strong>aspetto fondamentale<\/strong> della musica indiana \u00e8 appunto <strong>il Tala<\/strong>, che <strong>rappresenta il modello ritmico a carattere ciclico all\u2019interno del quale si sviluppa l\u2019intera struttura musicale<\/strong>. Tale ciclo ritmico pu\u00f2 essere configurato in differenti forme metriche, quali ad esempio nel sistema Hindustani del Nord India il Tin Tal (in 16 misure) o Jhap Tal (10 misure) Rupak Tal (7 misure).<br \/><br \/>La concezione indiana del ritmo \u00e8 essenzialmente diversa, e per certi versi opposta, a quella occidentale. Infatti, contrariamente alla linearit\u00e0 ritmica che caratterizza la musica occidentale, l<strong>a musica indiana ha sviluppato fin dall\u2019antichit\u00e0 una visione ciclica del ritmo, per cui le varie strutture ritmico-metriche sono concepite per ripetersi in modo continuo, seppur attraverso numerosissime e complesse varianti.<\/strong><br \/><br \/><strong>Il termine TALA<\/strong> designa quindi pi\u00f9 propriamente il \u201c<strong>ciclo ritmico<\/strong>\u201d e non semplicemente il ritmo.\u00a0 In questa particolare concezione non possiamo non scorgere nella sua evidenza quello stretto rapporto tra la musica e i tratti tipici della metafisica indiana.<\/p>\t\t\t\t\t\t\t\t<\/div>\n\t\t\t\t<\/div>\n\t\t\t\t<\/div>\n\t\t\t\t\t<\/div>\n\t\t\t\t<\/div>\n\t\t<div class=\"elementor-element elementor-element-a0e0b00 e-flex e-con-boxed e-con e-parent\" data-id=\"a0e0b00\" data-element_type=\"container\">\n\t\t\t\t\t<div class=\"e-con-inner\">\n\t\t<div class=\"elementor-element elementor-element-330718a e-con-full e-flex e-con e-child\" data-id=\"330718a\" data-element_type=\"container\">\n\t\t\t\t<div class=\"elementor-element elementor-element-9801da1 elementor-widget elementor-widget-heading\" data-id=\"9801da1\" data-element_type=\"widget\" data-widget_type=\"heading.default\">\n\t\t\t\t<div class=\"elementor-widget-container\">\n\t\t\t\t\t<h3 class=\"elementor-heading-title elementor-size-default\">Raga e Tala<\/h3>\t\t\t\t<\/div>\n\t\t\t\t<\/div>\n\t\t\t\t<div class=\"elementor-element elementor-element-400c13d elementor-widget elementor-widget-text-editor\" data-id=\"400c13d\" data-element_type=\"widget\" data-widget_type=\"text-editor.default\">\n\t\t\t\t<div class=\"elementor-widget-container\">\n\t\t\t\t\t\t\t\t\t<p>Il Raga pu\u00f2 essere eseguito in differenti composizioni basate nei differenti Tala, scelti solitamente dal solista, che sceglie prima del concerto il Raga da eseguire e anche il Tala su cui verr\u00e0 sviluppata la composizione melodica. Una prima composizione melodica normalmente viene prima eseguita in un tempo lento o medio (vilambit o madhya laya), successivamente seguita da una seconda composizione veloce (drut laya) che di solito si conclude in un crescendo finale, noto come Jhala.<br \/><br \/>La maggior parte dell\u2019esecuzione del Raga viene improvvisata al momento dal musicista, anche se vengono rigorosamente rispettate le regole fondamentali del Raga e del Tala prescelti. Anche i Tabla partecipano all\u2019improvvisazione musicale, in particolare quando la melodia della composizione musicale viene ripetuta dallo strumento solista<\/p>\t\t\t\t\t\t\t\t<\/div>\n\t\t\t\t<\/div>\n\t\t\t\t<\/div>\n\t\t<div class=\"elementor-element elementor-element-2a33ade e-con-full e-flex e-con e-child\" data-id=\"2a33ade\" data-element_type=\"container\">\n\t\t\t\t<div class=\"elementor-element elementor-element-be9a7ba elementor-widget elementor-widget-image\" data-id=\"be9a7ba\" data-element_type=\"widget\" data-widget_type=\"image.default\">\n\t\t\t\t<div class=\"elementor-widget-container\">\n\t\t\t\t\t\t\t\t\t\t\t\t\t\t\t<img decoding=\"async\" width=\"759\" height=\"1024\" src=\"https:\/\/artemusa.it\/wp-content\/uploads\/2025\/06\/img-3-origini-759x1024.png\" class=\"attachment-large size-large wp-image-306\" alt=\"\" srcset=\"https:\/\/artemusa.it\/wp-content\/uploads\/2025\/06\/img-3-origini-759x1024.png 759w, https:\/\/artemusa.it\/wp-content\/uploads\/2025\/06\/img-3-origini-222x300.png 222w, https:\/\/artemusa.it\/wp-content\/uploads\/2025\/06\/img-3-origini-768x1036.png 768w, https:\/\/artemusa.it\/wp-content\/uploads\/2025\/06\/img-3-origini.png 1042w\" sizes=\"(max-width: 759px) 100vw, 759px\" \/>\t\t\t\t\t\t\t\t\t\t\t\t\t\t\t<\/div>\n\t\t\t\t<\/div>\n\t\t\t\t<\/div>\n\t\t\t\t\t<\/div>\n\t\t\t\t<\/div>\n\t\t<div class=\"elementor-element elementor-element-e97fad4 e-flex e-con-boxed e-con e-parent\" data-id=\"e97fad4\" data-element_type=\"container\" data-settings=\"{&quot;background_background&quot;:&quot;classic&quot;}\">\n\t\t\t\t\t<div class=\"e-con-inner\">\n\t\t<div class=\"elementor-element elementor-element-3cddf8c e-con-full e-flex e-con e-child\" data-id=\"3cddf8c\" data-element_type=\"container\" data-settings=\"{&quot;background_background&quot;:&quot;classic&quot;}\">\n\t\t\t\t<div class=\"elementor-element elementor-element-05c6ddf elementor-widget elementor-widget-heading\" data-id=\"05c6ddf\" data-element_type=\"widget\" data-widget_type=\"heading.default\">\n\t\t\t\t<div class=\"elementor-widget-container\">\n\t\t\t\t\t<h2 class=\"elementor-heading-title elementor-size-default\">L'India e l'Occidente<\/h2>\t\t\t\t<\/div>\n\t\t\t\t<\/div>\n\t\t\t\t<div class=\"elementor-element elementor-element-7ac37dc elementor-widget elementor-widget-text-editor\" data-id=\"7ac37dc\" data-element_type=\"widget\" data-widget_type=\"text-editor.default\">\n\t\t\t\t<div class=\"elementor-widget-container\">\n\t\t\t\t\t\t\t\t\t<p>Fin dall\u2019inizio dell\u2019800, facente l\u2019India parte dell\u2019Impero Britannico, ha avuto luogo una prima vera e propria contaminazione culturale che da Oriente verso Occidente ha profondamente influenzato e stimolato la cultura europea, dapprima in ambito linguistico, filologico e filosofico, successivamente, a partire dagli inizi del\u2019 900 anche in ambito artistico e musicale.<br \/><br \/>La scoperta di un sistema musicale altrettanto ricco, complesso ed elaborato quanto quello occidentale, pur essendo nelle sue fondamenta in totale contrapposizione ad esso, in quanto fondato sull\u2019aspetto modale anzich\u00e9 su quello armonico, ha stimolato la creativit\u00e0 di numerosi musicisti e compositori occidentali.<br \/><br \/>Inoltre la consapevolezza che, come in molte altre culture, la musica \u00e8 strettamente correlata al linguaggio del mito, del racconto e della poesia ha stimolato ulteriormente i ricercatori occidentali. In India in effetti, fin dal suo nascere, la musica \u00e8 stata intesa come strettamente collegata a una emanazione di una realt\u00e0 trascendentale e, in qualit\u00e0 di forma artistica in senso stretto, come intrinsecamente legata alla danza e al teatro ovvero alla recitazione scenica e al racconto, fosse questo mitologico, religioso o profano.<br \/><br \/>Alcuni principi fondamentali della musica indiana contemporanea, quali il concetto di rasa (sapore, emozione, stato d\u2019animo) sono gi\u00e0 codificati nel principale trattato di drammaturgia indiana, il Bharata Natya Shastra, che dedica intere sezioni alla musica vocale e strumentale destinata all\u2019accompagnamento degli spettacoli teatrali.<\/p>\t\t\t\t\t\t\t\t<\/div>\n\t\t\t\t<\/div>\n\t\t\t\t<\/div>\n\t\t\t\t\t<\/div>\n\t\t\t\t<\/div>\n\t\t<div class=\"elementor-element elementor-element-c841a8f e-flex e-con-boxed e-con e-parent\" data-id=\"c841a8f\" data-element_type=\"container\" data-settings=\"{&quot;background_background&quot;:&quot;classic&quot;}\">\n\t\t\t\t\t<div class=\"e-con-inner\">\n\t\t\t\t<div class=\"elementor-element elementor-element-e2bbc57 elementor-widget elementor-widget-heading\" data-id=\"e2bbc57\" data-element_type=\"widget\" data-widget_type=\"heading.default\">\n\t\t\t\t<div class=\"elementor-widget-container\">\n\t\t\t\t\t<h2 class=\"elementor-heading-title elementor-size-default\">Ultime News<\/h2>\t\t\t\t<\/div>\n\t\t\t\t<\/div>\n\t\t\t\t\t<\/div>\n\t\t\t\t<\/div>\n\t\t\t\t<\/div>\n\t\t","protected":false},"excerpt":{"rendered":"<p>Le origini della Musica Indiana Le origini della musica indiana si perdono nei millenni, intrecciandosi con le radici pi\u00f9 profonde della cultura del subcontinente. La musica in India non \u00e8 solo espressione artistica, ma elemento fondante della spiritualit\u00e0, della filosofia e della vita quotidiana. Gi\u00e0 nei Veda \u2014 i testi sacri pi\u00f9 antichi dell\u2019induismo risalenti [&hellip;]<\/p>\n","protected":false},"author":1,"featured_media":0,"parent":293,"menu_order":0,"comment_status":"closed","ping_status":"closed","template":"elementor_header_footer","meta":{"footnotes":""},"class_list":["post-298","page","type-page","status-publish","hentry"],"yoast_head":"<!-- This site is optimized with the Yoast SEO plugin v26.0 - https:\/\/yoast.com\/wordpress\/plugins\/seo\/ -->\n<title>Le Origini - Associazione Musa<\/title>\n<meta name=\"robots\" content=\"index, follow, max-snippet:-1, max-image-preview:large, max-video-preview:-1\" \/>\n<link rel=\"canonical\" href=\"https:\/\/artemusa.it\/index.php\/musica-indiana\/origini\/\" \/>\n<meta property=\"og:locale\" content=\"it_IT\" \/>\n<meta property=\"og:type\" content=\"article\" \/>\n<meta property=\"og:title\" content=\"Le Origini - Associazione Musa\" \/>\n<meta property=\"og:description\" content=\"Le origini della Musica Indiana Le origini della musica indiana si perdono nei millenni, intrecciandosi con le radici pi\u00f9 profonde della cultura del subcontinente. La musica in India non \u00e8 solo espressione artistica, ma elemento fondante della spiritualit\u00e0, della filosofia e della vita quotidiana. Gi\u00e0 nei Veda \u2014 i testi sacri pi\u00f9 antichi dell\u2019induismo risalenti [&hellip;]\" \/>\n<meta property=\"og:url\" content=\"https:\/\/artemusa.it\/index.php\/musica-indiana\/origini\/\" \/>\n<meta property=\"og:site_name\" content=\"Associazione Musa\" \/>\n<meta property=\"article:modified_time\" content=\"2025-06-26T13:40:37+00:00\" \/>\n<meta property=\"og:image\" content=\"https:\/\/artemusa.it\/wp-content\/uploads\/2025\/06\/img-1-origini.png\" \/>\n\t<meta property=\"og:image:width\" content=\"1042\" \/>\n\t<meta property=\"og:image:height\" content=\"1322\" \/>\n\t<meta property=\"og:image:type\" content=\"image\/png\" \/>\n<meta name=\"twitter:card\" content=\"summary_large_image\" \/>\n<meta name=\"twitter:label1\" content=\"Tempo di lettura stimato\" \/>\n\t<meta name=\"twitter:data1\" content=\"4 minuti\" \/>\n<script type=\"application\/ld+json\" class=\"yoast-schema-graph\">{\"@context\":\"https:\/\/schema.org\",\"@graph\":[{\"@type\":\"WebPage\",\"@id\":\"https:\/\/artemusa.it\/index.php\/musica-indiana\/origini\/\",\"url\":\"https:\/\/artemusa.it\/index.php\/musica-indiana\/origini\/\",\"name\":\"Le Origini - Associazione Musa\",\"isPartOf\":{\"@id\":\"https:\/\/artemusa.it\/#website\"},\"primaryImageOfPage\":{\"@id\":\"https:\/\/artemusa.it\/index.php\/musica-indiana\/origini\/#primaryimage\"},\"image\":{\"@id\":\"https:\/\/artemusa.it\/index.php\/musica-indiana\/origini\/#primaryimage\"},\"thumbnailUrl\":\"https:\/\/artemusa.it\/wp-content\/uploads\/2025\/06\/img-1-origini-807x1024.png\",\"datePublished\":\"2025-06-18T13:44:47+00:00\",\"dateModified\":\"2025-06-26T13:40:37+00:00\",\"breadcrumb\":{\"@id\":\"https:\/\/artemusa.it\/index.php\/musica-indiana\/origini\/#breadcrumb\"},\"inLanguage\":\"it-IT\",\"potentialAction\":[{\"@type\":\"ReadAction\",\"target\":[\"https:\/\/artemusa.it\/index.php\/musica-indiana\/origini\/\"]}]},{\"@type\":\"ImageObject\",\"inLanguage\":\"it-IT\",\"@id\":\"https:\/\/artemusa.it\/index.php\/musica-indiana\/origini\/#primaryimage\",\"url\":\"https:\/\/artemusa.it\/wp-content\/uploads\/2025\/06\/img-1-origini.png\",\"contentUrl\":\"https:\/\/artemusa.it\/wp-content\/uploads\/2025\/06\/img-1-origini.png\",\"width\":1042,\"height\":1322},{\"@type\":\"BreadcrumbList\",\"@id\":\"https:\/\/artemusa.it\/index.php\/musica-indiana\/origini\/#breadcrumb\",\"itemListElement\":[{\"@type\":\"ListItem\",\"position\":1,\"name\":\"Home\",\"item\":\"https:\/\/artemusa.it\/\"},{\"@type\":\"ListItem\",\"position\":2,\"name\":\"Musica Indiana\",\"item\":\"https:\/\/artemusa.it\/index.php\/musica-indiana\/\"},{\"@type\":\"ListItem\",\"position\":3,\"name\":\"Le Origini\"}]},{\"@type\":\"WebSite\",\"@id\":\"https:\/\/artemusa.it\/#website\",\"url\":\"https:\/\/artemusa.it\/\",\"name\":\"Associazione Musa\",\"description\":\"\",\"publisher\":{\"@id\":\"https:\/\/artemusa.it\/#organization\"},\"potentialAction\":[{\"@type\":\"SearchAction\",\"target\":{\"@type\":\"EntryPoint\",\"urlTemplate\":\"https:\/\/artemusa.it\/?s={search_term_string}\"},\"query-input\":{\"@type\":\"PropertyValueSpecification\",\"valueRequired\":true,\"valueName\":\"search_term_string\"}}],\"inLanguage\":\"it-IT\"},{\"@type\":\"Organization\",\"@id\":\"https:\/\/artemusa.it\/#organization\",\"name\":\"Associazione Musa\",\"url\":\"https:\/\/artemusa.it\/\",\"logo\":{\"@type\":\"ImageObject\",\"inLanguage\":\"it-IT\",\"@id\":\"https:\/\/artemusa.it\/#\/schema\/logo\/image\/\",\"url\":\"https:\/\/artemusa.it\/wp-content\/uploads\/2025\/06\/cropped-logo-header-1-1.png\",\"contentUrl\":\"https:\/\/artemusa.it\/wp-content\/uploads\/2025\/06\/cropped-logo-header-1-1.png\",\"width\":300,\"height\":102,\"caption\":\"Associazione Musa\"},\"image\":{\"@id\":\"https:\/\/artemusa.it\/#\/schema\/logo\/image\/\"}}]}<\/script>\n<!-- \/ Yoast SEO plugin. -->","yoast_head_json":{"title":"Le Origini - Associazione Musa","robots":{"index":"index","follow":"follow","max-snippet":"max-snippet:-1","max-image-preview":"max-image-preview:large","max-video-preview":"max-video-preview:-1"},"canonical":"https:\/\/artemusa.it\/index.php\/musica-indiana\/origini\/","og_locale":"it_IT","og_type":"article","og_title":"Le Origini - Associazione Musa","og_description":"Le origini della Musica Indiana Le origini della musica indiana si perdono nei millenni, intrecciandosi con le radici pi\u00f9 profonde della cultura del subcontinente. La musica in India non \u00e8 solo espressione artistica, ma elemento fondante della spiritualit\u00e0, della filosofia e della vita quotidiana. Gi\u00e0 nei Veda \u2014 i testi sacri pi\u00f9 antichi dell\u2019induismo risalenti [&hellip;]","og_url":"https:\/\/artemusa.it\/index.php\/musica-indiana\/origini\/","og_site_name":"Associazione Musa","article_modified_time":"2025-06-26T13:40:37+00:00","og_image":[{"width":1042,"height":1322,"url":"https:\/\/artemusa.it\/wp-content\/uploads\/2025\/06\/img-1-origini.png","type":"image\/png"}],"twitter_card":"summary_large_image","twitter_misc":{"Tempo di lettura stimato":"4 minuti"},"schema":{"@context":"https:\/\/schema.org","@graph":[{"@type":"WebPage","@id":"https:\/\/artemusa.it\/index.php\/musica-indiana\/origini\/","url":"https:\/\/artemusa.it\/index.php\/musica-indiana\/origini\/","name":"Le Origini - Associazione Musa","isPartOf":{"@id":"https:\/\/artemusa.it\/#website"},"primaryImageOfPage":{"@id":"https:\/\/artemusa.it\/index.php\/musica-indiana\/origini\/#primaryimage"},"image":{"@id":"https:\/\/artemusa.it\/index.php\/musica-indiana\/origini\/#primaryimage"},"thumbnailUrl":"https:\/\/artemusa.it\/wp-content\/uploads\/2025\/06\/img-1-origini-807x1024.png","datePublished":"2025-06-18T13:44:47+00:00","dateModified":"2025-06-26T13:40:37+00:00","breadcrumb":{"@id":"https:\/\/artemusa.it\/index.php\/musica-indiana\/origini\/#breadcrumb"},"inLanguage":"it-IT","potentialAction":[{"@type":"ReadAction","target":["https:\/\/artemusa.it\/index.php\/musica-indiana\/origini\/"]}]},{"@type":"ImageObject","inLanguage":"it-IT","@id":"https:\/\/artemusa.it\/index.php\/musica-indiana\/origini\/#primaryimage","url":"https:\/\/artemusa.it\/wp-content\/uploads\/2025\/06\/img-1-origini.png","contentUrl":"https:\/\/artemusa.it\/wp-content\/uploads\/2025\/06\/img-1-origini.png","width":1042,"height":1322},{"@type":"BreadcrumbList","@id":"https:\/\/artemusa.it\/index.php\/musica-indiana\/origini\/#breadcrumb","itemListElement":[{"@type":"ListItem","position":1,"name":"Home","item":"https:\/\/artemusa.it\/"},{"@type":"ListItem","position":2,"name":"Musica Indiana","item":"https:\/\/artemusa.it\/index.php\/musica-indiana\/"},{"@type":"ListItem","position":3,"name":"Le Origini"}]},{"@type":"WebSite","@id":"https:\/\/artemusa.it\/#website","url":"https:\/\/artemusa.it\/","name":"Associazione Musa","description":"","publisher":{"@id":"https:\/\/artemusa.it\/#organization"},"potentialAction":[{"@type":"SearchAction","target":{"@type":"EntryPoint","urlTemplate":"https:\/\/artemusa.it\/?s={search_term_string}"},"query-input":{"@type":"PropertyValueSpecification","valueRequired":true,"valueName":"search_term_string"}}],"inLanguage":"it-IT"},{"@type":"Organization","@id":"https:\/\/artemusa.it\/#organization","name":"Associazione Musa","url":"https:\/\/artemusa.it\/","logo":{"@type":"ImageObject","inLanguage":"it-IT","@id":"https:\/\/artemusa.it\/#\/schema\/logo\/image\/","url":"https:\/\/artemusa.it\/wp-content\/uploads\/2025\/06\/cropped-logo-header-1-1.png","contentUrl":"https:\/\/artemusa.it\/wp-content\/uploads\/2025\/06\/cropped-logo-header-1-1.png","width":300,"height":102,"caption":"Associazione Musa"},"image":{"@id":"https:\/\/artemusa.it\/#\/schema\/logo\/image\/"}}]}},"_links":{"self":[{"href":"https:\/\/artemusa.it\/index.php\/wp-json\/wp\/v2\/pages\/298","targetHints":{"allow":["GET"]}}],"collection":[{"href":"https:\/\/artemusa.it\/index.php\/wp-json\/wp\/v2\/pages"}],"about":[{"href":"https:\/\/artemusa.it\/index.php\/wp-json\/wp\/v2\/types\/page"}],"author":[{"embeddable":true,"href":"https:\/\/artemusa.it\/index.php\/wp-json\/wp\/v2\/users\/1"}],"replies":[{"embeddable":true,"href":"https:\/\/artemusa.it\/index.php\/wp-json\/wp\/v2\/comments?post=298"}],"version-history":[{"count":16,"href":"https:\/\/artemusa.it\/index.php\/wp-json\/wp\/v2\/pages\/298\/revisions"}],"predecessor-version":[{"id":6207,"href":"https:\/\/artemusa.it\/index.php\/wp-json\/wp\/v2\/pages\/298\/revisions\/6207"}],"up":[{"embeddable":true,"href":"https:\/\/artemusa.it\/index.php\/wp-json\/wp\/v2\/pages\/293"}],"wp:attachment":[{"href":"https:\/\/artemusa.it\/index.php\/wp-json\/wp\/v2\/media?parent=298"}],"curies":[{"name":"wp","href":"https:\/\/api.w.org\/{rel}","templated":true}]}}